{"id":599,"date":"2019-05-22T13:17:24","date_gmt":"2019-05-22T16:17:24","guid":{"rendered":"https:\/\/greenmartur.com.br\/?post_type=product&#038;p=599"},"modified":"2021-07-26T23:45:37","modified_gmt":"2021-07-27T02:45:37","slug":"praia-dos-carneiros","status":"publish","type":"product","link":"https:\/\/greenmartur.com.br\/?product=praia-dos-carneiros","title":{"rendered":"Praia dos Carneiros"},"content":{"rendered":"\r\n<p>A Praia de Carneiros \u00e9 considerada uma das mais famosas do Brasil e se destaca pelas \u00e1guas claras e mornas, com arrecifes que formam piscinas naturais na mar\u00e9 baixa. <br>\u00c9 uma praia com muitos coqueiros e tem v\u00e1rios restaurantes que se destacam pela culin\u00e1ria, onde o mais visitado \u00e9 o restaurante Bora Bora, de onde sai as melhores atra\u00e7\u00f5es para curtir a praia, com passeio de catamar\u00e3, com trio de forr\u00f3 para animar os clientes durante o passeio e bar a bordo.Al\u00e9m do visual bel\u00edssimo, a praia de Carneiros permanece rasa por um longo trecho de areia &#8211; por isso \u00e9 poss\u00edvel ir caminhando at\u00e9 a \u00e1rea das piscinas e as crian\u00e7as podem brincar no mar sem muito perigo. Pr\u00f3ximo \u00e0 praia fica a Igrejinha conhecida como: Capela de S\u00e3o Benedito, da \u00e9poca dos portugueses, e pode-se ter um visual muito bonito da regi\u00e3o onde o mar encontra o rio.&nbsp;<\/p>\r\n","protected":false},"excerpt":{"rendered":"<p>A Praia de Carneiros \u00e9 considerada uma das mais famosas do Brasil e se destaca pelas \u00e1guas claras e mornas, com arrecifes que formam piscinas naturais na mar\u00e9 baixa. <br data-rich-text-line-break=\"true\" \/>\u00c9 uma praia com muitos coqueiros e tem v\u00e1rios restaurantes que se destacam pela culin\u00e1ria, onde o mais visitado \u00e9 o restaurante Bora Bora, de onde sai as melhores atra\u00e7\u00f5es para curtir a praia, com passeio de catamar\u00e3, com trio de forr\u00f3 para animar os clientes durante o passeio e bar a bordo.Al\u00e9m do visual bel\u00edssimo, a praia de Carneiros permanece rasa por um longo trecho de areia &#8211; por isso \u00e9 poss\u00edvel ir caminhando at\u00e9 a \u00e1rea das piscinas e as crian\u00e7as podem brincar no mar sem muito perigo. Pr\u00f3ximo \u00e0 praia fica a Igrejinha conhecida como: Capela de S\u00e3o Benedito, da \u00e9poca dos portugueses, e pode-se ter um visual muito bonito da regi\u00e3o onde o mar encontra o rio.\u00a0<\/p>\n","protected":false},"featured_media":611,"template":"","meta":{"_exactmetrics_skip_tracking":false,"_exactmetrics_sitenote_active":false,"_exactmetrics_sitenote_note":"","_exactmetrics_sitenote_category":0},"product_brand":[],"product_cat":[95],"product_tag":[],"class_list":{"0":"post-599","1":"product","2":"type-product","3":"status-publish","4":"has-post-thumbnail","6":"product_cat-passeios","8":"first","9":"instock","10":"shipping-taxable","11":"product-type-simple"},"_links":{"self":[{"href":"https:\/\/greenmartur.com.br\/index.php?rest_route=\/wp\/v2\/product\/599","targetHints":{"allow":["GET"]}}],"collection":[{"href":"https:\/\/greenmartur.com.br\/index.php?rest_route=\/wp\/v2\/product"}],"about":[{"href":"https:\/\/greenmartur.com.br\/index.php?rest_route=\/wp\/v2\/types\/product"}],"wp:featuredmedia":[{"embeddable":true,"href":"https:\/\/greenmartur.com.br\/index.php?rest_route=\/wp\/v2\/media\/611"}],"wp:attachment":[{"href":"https:\/\/greenmartur.com.br\/index.php?rest_route=%2Fwp%2Fv2%2Fmedia&parent=599"}],"wp:term":[{"taxonomy":"product_brand","embeddable":true,"href":"https:\/\/greenmartur.com.br\/index.php?rest_route=%2Fwp%2Fv2%2Fproduct_brand&post=599"},{"taxonomy":"product_cat","embeddable":true,"href":"https:\/\/greenmartur.com.br\/index.php?rest_route=%2Fwp%2Fv2%2Fproduct_cat&post=599"},{"taxonomy":"product_tag","embeddable":true,"href":"https:\/\/greenmartur.com.br\/index.php?rest_route=%2Fwp%2Fv2%2Fproduct_tag&post=599"}],"curies":[{"name":"wp","href":"https:\/\/api.w.org\/{rel}","templated":true}]}}