{"id":559,"date":"2019-05-22T02:00:31","date_gmt":"2019-05-22T05:00:31","guid":{"rendered":"https:\/\/greenmartur.com.br\/?post_type=product&#038;p=559"},"modified":"2021-07-26T22:32:00","modified_gmt":"2021-07-27T01:32:00","slug":"city-tour-maceio-praia-do-frances","status":"publish","type":"product","link":"https:\/\/greenmartur.com.br\/?product=city-tour-maceio-praia-do-frances","title":{"rendered":"City Tour Macei\u00f3\/Praia do Franc\u00eas"},"content":{"rendered":"\r\n<p>Passeio pelos principais pontos tur\u00edsticos e hist\u00f3ricos de Macei\u00f3. <br>Visita panor\u00e2mica ao hist\u00f3rico bairro de Jaragu\u00e1, cen\u00e1rio do desenvolvimento art\u00edstico, cultural e econ\u00f4mico da capital alagoana. <\/p>\r\n","protected":false},"excerpt":{"rendered":"<p>Passeio pelos principais pontos tur\u00edsticos e hist\u00f3ricos de Macei\u00f3. <br data-rich-text-line-break=\"true\" \/>Visita panor\u00e2mica ao hist\u00f3rico bairro de Jaragu\u00e1, cen\u00e1rio do desenvolvimento art\u00edstico, cultural e econ\u00f4mico da capital alagoana.<\/p>\n","protected":false},"featured_media":607,"template":"","meta":{"_exactmetrics_skip_tracking":false,"_exactmetrics_sitenote_active":false,"_exactmetrics_sitenote_note":"","_exactmetrics_sitenote_category":0},"product_brand":[],"product_cat":[95],"product_tag":[],"class_list":{"0":"post-559","1":"product","2":"type-product","3":"status-publish","4":"has-post-thumbnail","6":"product_cat-passeios","8":"first","9":"instock","10":"shipping-taxable","11":"product-type-simple"},"_links":{"self":[{"href":"https:\/\/greenmartur.com.br\/index.php?rest_route=\/wp\/v2\/product\/559","targetHints":{"allow":["GET"]}}],"collection":[{"href":"https:\/\/greenmartur.com.br\/index.php?rest_route=\/wp\/v2\/product"}],"about":[{"href":"https:\/\/greenmartur.com.br\/index.php?rest_route=\/wp\/v2\/types\/product"}],"wp:featuredmedia":[{"embeddable":true,"href":"https:\/\/greenmartur.com.br\/index.php?rest_route=\/wp\/v2\/media\/607"}],"wp:attachment":[{"href":"https:\/\/greenmartur.com.br\/index.php?rest_route=%2Fwp%2Fv2%2Fmedia&parent=559"}],"wp:term":[{"taxonomy":"product_brand","embeddable":true,"href":"https:\/\/greenmartur.com.br\/index.php?rest_route=%2Fwp%2Fv2%2Fproduct_brand&post=559"},{"taxonomy":"product_cat","embeddable":true,"href":"https:\/\/greenmartur.com.br\/index.php?rest_route=%2Fwp%2Fv2%2Fproduct_cat&post=559"},{"taxonomy":"product_tag","embeddable":true,"href":"https:\/\/greenmartur.com.br\/index.php?rest_route=%2Fwp%2Fv2%2Fproduct_tag&post=559"}],"curies":[{"name":"wp","href":"https:\/\/api.w.org\/{rel}","templated":true}]}}